{"id":1213,"date":"2021-11-24T08:17:37","date_gmt":"2021-11-24T07:17:37","guid":{"rendered":"https:\/\/pfnuer.de\/prawnicy\/"},"modified":"2023-02-27T16:14:54","modified_gmt":"2023-02-27T15:14:54","slug":"adwokaci","status":"publish","type":"page","link":"https:\/\/www.pfnuer.de\/pl\/adwokaci\/","title":{"rendered":"Adwokaci"},"content":{"rendered":"<p>[et_pb_section fb_built=&#8221;1&#8243; next_background_color=&#8221;#E7EFFF&#8221; _builder_version=&#8221;4.19.5&#8243; _module_preset=&#8221;default&#8221; background_color=&#8221;#001A3D&#8221; bottom_divider_style=&#8221;curve&#8221; bottom_divider_height=&#8221;30px&#8221; global_colors_info=&#8221;{}&#8221; theme_builder_area=&#8221;post_content&#8221;][et_pb_row use_custom_gutter=&#8221;on&#8221; _builder_version=&#8221;4.19.5&#8243; width=&#8221;95%&#8221; max_width=&#8221;1440px&#8221; custom_margin=&#8221;11px|auto||auto|false|false&#8221; custom_margin_tablet=&#8221;200px||||false|false&#8221; custom_margin_phone=&#8221;5px||||false|false&#8221; custom_margin_last_edited=&#8221;on|desktop&#8221; custom_padding=&#8221;0px||0px||false|false&#8221; global_colors_info=&#8221;{}&#8221; theme_builder_area=&#8221;post_content&#8221;][et_pb_column type=&#8221;4_4&#8243; _builder_version=&#8221;4.19.5&#8243; custom_padding=&#8221;||0px||false|false&#8221; custom_padding_tablet=&#8221;5vh||5vh||false|false&#8221; custom_padding_phone=&#8221;1vh||1vh||true|false&#8221; custom_padding_last_edited=&#8221;on|desktop&#8221; global_colors_info=&#8221;{}&#8221; theme_builder_area=&#8221;post_content&#8221;][et_pb_text disabled_on=&#8221;off|off|off&#8221; _builder_version=&#8221;4.20.0&#8243; _module_preset=&#8221;default&#8221; text_font=&#8221;Montserrat||||||||&#8221; text_text_color=&#8221;#F6F9FF&#8221; text_font_size=&#8221;37px&#8221; text_line_height=&#8221;1.4em&#8221; ul_line_height=&#8221;1.4em&#8221; header_font=&#8221;Montserrat|600|||||||&#8221; header_text_align=&#8221;center&#8221; header_text_color=&#8221;#F6F9FF&#8221; header_font_size=&#8221;50px&#8221; header_line_height=&#8221;1.2em&#8221; header_2_font=&#8221;|600|||||||&#8221; header_2_text_align=&#8221;center&#8221; header_2_text_color=&#8221;#000000&#8243; custom_margin=&#8221;28px||28px||true|false&#8221; custom_margin_tablet=&#8221;||40px||false|false&#8221; custom_margin_phone=&#8221;||40px||false|false&#8221; custom_margin_last_edited=&#8221;on|desktop&#8221; hover_enabled=&#8221;0&#8243; header_text_align_tablet=&#8221;center&#8221; header_text_align_phone=&#8221;left&#8221; header_text_align_last_edited=&#8221;on|phone&#8221; header_font_size_tablet=&#8221;65px&#8221; header_font_size_phone=&#8221;48px&#8221; header_font_size_last_edited=&#8221;on|phone&#8221; header_2_font_size_tablet=&#8221;&#8221; header_2_font_size_phone=&#8221;20px&#8221; header_2_font_size_last_edited=&#8221;on|phone&#8221; global_colors_info=&#8221;{}&#8221; theme_builder_area=&#8221;post_content&#8221; sticky_enabled=&#8221;0&#8243;]<\/p>\n<p style=\"text-align: center;\"><strong>Adwokaci<\/strong><\/p>\n<p>[\/et_pb_text][et_pb_text disabled_on=&#8221;off|off|off&#8221; _builder_version=&#8221;4.20.0&#8243; _module_preset=&#8221;default&#8221; text_font=&#8221;Montserrat||||||||&#8221; text_text_color=&#8221;#F6F9FF&#8221; text_font_size=&#8221;20px&#8221; text_line_height=&#8221;1.4em&#8221; ul_line_height=&#8221;1.4em&#8221; header_font=&#8221;Montserrat|600|||||||&#8221; header_text_align=&#8221;center&#8221; header_text_color=&#8221;#F6F9FF&#8221; header_font_size=&#8221;50px&#8221; header_line_height=&#8221;1.2em&#8221; header_2_font=&#8221;Montserrat|600|||||||&#8221; header_2_text_align=&#8221;center&#8221; header_2_text_color=&#8221;#000000&#8243; custom_margin=&#8221;28px||28px||true|false&#8221; custom_margin_tablet=&#8221;||40px||false|false&#8221; custom_margin_phone=&#8221;||40px||false|false&#8221; custom_margin_last_edited=&#8221;on|desktop&#8221; hover_enabled=&#8221;0&#8243; header_text_align_tablet=&#8221;center&#8221; header_text_align_phone=&#8221;left&#8221; header_text_align_last_edited=&#8221;on|phone&#8221; header_font_size_tablet=&#8221;65px&#8221; header_font_size_phone=&#8221;48px&#8221; header_font_size_last_edited=&#8221;on|phone&#8221; header_2_font_size_tablet=&#8221;&#8221; header_2_font_size_phone=&#8221;20px&#8221; header_2_font_size_last_edited=&#8221;on|phone&#8221; global_colors_info=&#8221;{}&#8221; theme_builder_area=&#8221;post_content&#8221; sticky_enabled=&#8221;0&#8243; header_2_font_size=&#8221;22px&#8221; text_orientation=&#8221;center&#8221;]<\/p>\n<div class=\"node-headers\">\n<p class=\"node-header2\">Kompetentnie i na bazie do\u015bwiaczenia b\u0119dziemy dochodzi\u0107 Pa\u0144stwa roszcze\u0144 prawnych<\/p>\n<\/div>\n<div id=\"node-137\" class=\"node\">\n<div class=\"content clear-block\">\n<div class=\"main-content-text\">\n<p>Nasi do\u015bwiadczeni i pe\u0142ni zaanga\u017cowania adwokaci z ch\u0119ci\u0105 s\u0142u\u017c\u0105 Pa\u0144stwu pomoc\u0105. Dzi\u0119ki naszej specjalizacji, licznym szkoleniom\u00a0 oraz uzyskanym specjalistycznym tytu\u0142om adwokackim jeste\u015bmy w stanie zapewni\u0107\u00a0 Pa\u0144stwu wysokiej jako\u015bci us\u0142ugi. Wszyscy nasi adwokaci w\u0142adaj\u0105 zar\u00f3wno j\u0119zykiem niemieckiem jak i polskim, co umo\u017cliwia doradztwo tak\u017ce po polsku.\u00a0<\/p>\n<\/div>\n<\/div>\n<\/div>\n<p>[\/et_pb_text][\/et_pb_column][\/et_pb_row][\/et_pb_section][et_pb_section fb_built=&#8221;1&#8243; next_background_color=&#8221;#001A3D&#8221; _builder_version=&#8221;4.19.5&#8243; _module_preset=&#8221;default&#8221; background_color=&#8221;#E7EFFF&#8221; custom_margin=&#8221;||||false|false&#8221; custom_padding=&#8221;2px||||false|false&#8221; bottom_divider_style=&#8221;curve&#8221; bottom_divider_height=&#8221;30px&#8221; global_colors_info=&#8221;{}&#8221; theme_builder_area=&#8221;post_content&#8221;][et_pb_row column_structure=&#8221;1_2,1_2&#8243; use_custom_gutter=&#8221;on&#8221; gutter_width=&#8221;2&#8243; _builder_version=&#8221;4.19.5&#8243; _module_preset=&#8221;default&#8221; background_enable_color=&#8221;off&#8221; width_tablet=&#8221;&#8221; width_phone=&#8221;90%&#8221; width_last_edited=&#8221;on|desktop&#8221; max_width=&#8221;1300px&#8221; custom_margin=&#8221;-70px|auto||auto|false|false&#8221; custom_margin_tablet=&#8221;-132px|auto||auto|false|false&#8221; custom_margin_phone=&#8221;0px|auto||auto|false|false&#8221; custom_margin_last_edited=&#8221;on|phone&#8221; border_radii=&#8221;on|10px|10px|10px|10px&#8221; global_colors_info=&#8221;{}&#8221; theme_builder_area=&#8221;post_content&#8221;][et_pb_column type=&#8221;1_2&#8243; _builder_version=&#8221;4.19.5&#8243; _module_preset=&#8221;default&#8221; background_color=&#8221;#F6F9FF&#8221; custom_padding=&#8221;5vh|15px|5vh|15px|true|true&#8221; border_radii=&#8221;on|10px|10px|10px|10px&#8221; box_shadow_style=&#8221;preset2&#8243; global_colors_info=&#8221;{}&#8221; theme_builder_area=&#8221;post_content&#8221;][et_pb_image src=&#8221;https:\/\/www.pfnuer.de\/wp-content\/uploads\/RA-Martin-Pfnuer-Goerlitz-Anwalt.png&#8221; title_text=&#8221;RA-Martin-Pfnuer-Goerlitz-Anwalt&#8221; align=&#8221;center&#8221; _builder_version=&#8221;4.19.5&#8243; _module_preset=&#8221;default&#8221; width=&#8221;55%&#8221; global_colors_info=&#8221;{}&#8221; theme_builder_area=&#8221;post_content&#8221;][\/et_pb_image][et_pb_text disabled_on=&#8221;off|off|off&#8221; _builder_version=&#8221;4.20.0&#8243; _module_preset=&#8221;default&#8221; text_font=&#8221;Montserrat||||||||&#8221; text_text_color=&#8221;#001A3D&#8221; text_font_size=&#8221;18px&#8221; text_line_height=&#8221;1.4em&#8221; ul_line_height=&#8221;1.4em&#8221; header_font=&#8221;Montserrat|600|||||||&#8221; header_text_align=&#8221;center&#8221; header_text_color=&#8221;#001A3D&#8221; header_font_size=&#8221;50px&#8221; header_line_height=&#8221;1.2em&#8221; header_2_font=&#8221;|600|||||||&#8221; header_2_text_align=&#8221;center&#8221; header_2_text_color=&#8221;#000000&#8243; header_3_font=&#8221;Montserrat|600|||||||&#8221; header_3_text_color=&#8221;#001A3D&#8221; header_3_font_size=&#8221;29px&#8221; header_3_line_height=&#8221;1.4em&#8221; custom_margin=&#8221;||||false|false&#8221; custom_margin_tablet=&#8221;||40px||false|false&#8221; custom_margin_phone=&#8221;||40px||false|false&#8221; custom_margin_last_edited=&#8221;on|desktop&#8221; hover_enabled=&#8221;0&#8243; header_text_align_tablet=&#8221;center&#8221; header_text_align_phone=&#8221;left&#8221; header_text_align_last_edited=&#8221;on|phone&#8221; header_font_size_tablet=&#8221;65px&#8221; header_font_size_phone=&#8221;48px&#8221; header_font_size_last_edited=&#8221;on|phone&#8221; header_2_font_size_tablet=&#8221;&#8221; header_2_font_size_phone=&#8221;20px&#8221; header_2_font_size_last_edited=&#8221;on|phone&#8221; global_colors_info=&#8221;{}&#8221; theme_builder_area=&#8221;post_content&#8221; sticky_enabled=&#8221;0&#8243;]<\/p>\n<h3 style=\"text-align: center;\">Martin Pfn\u00fcr<\/h3>\n<p style=\"text-align: center;\">Adwokat<\/p>\n<p style=\"text-align: center;\">Certyfikowany adwokat w\u00a0mi\u0119dzynarodowym prawie gospodarczym<\/p>\n<p style=\"text-align: center;\">Certyfikowany adwokat w prawie transportowym i spedycyjnym<\/p>\n<p style=\"text-align: center;\">Certyfikowany adwokat w prawie karnym<\/p>\n<p>[\/et_pb_text][et_pb_button button_url=&#8221;@ET-DC@eyJkeW5hbWljIjp0cnVlLCJjb250ZW50IjoicG9zdF9saW5rX3VybF9wYWdlIiwic2V0dGluZ3MiOnsicG9zdF9pZCI6IjE1In19@&#8221; button_text=&#8221;Profil&#8221; button_alignment=&#8221;center&#8221; _builder_version=&#8221;4.20.0&#8243; _dynamic_attributes=&#8221;button_url&#8221; _module_preset=&#8221;default&#8221; custom_button=&#8221;on&#8221; button_text_size=&#8221;20px&#8221; button_text_color=&#8221;#F1F1E6&#8243; button_bg_color=&#8221;#3b8eff&#8221; button_border_width=&#8221;0px&#8221; button_border_color=&#8221;#FFFFFF&#8221; button_border_radius=&#8221;20px&#8221; button_font=&#8221;Montserrat|600|||||||&#8221; custom_margin=&#8221;28px||28px||true|false&#8221; global_colors_info=&#8221;{}&#8221; theme_builder_area=&#8221;post_content&#8221;][\/et_pb_button][\/et_pb_column][et_pb_column type=&#8221;1_2&#8243; _builder_version=&#8221;4.19.5&#8243; _module_preset=&#8221;default&#8221; background_color=&#8221;#F6F9FF&#8221; custom_padding=&#8221;5vh|15px|5vh|15px|true|true&#8221; border_radii=&#8221;on|10px|10px|10px|10px&#8221; box_shadow_style=&#8221;preset1&#8243; global_colors_info=&#8221;{}&#8221; theme_builder_area=&#8221;post_content&#8221;][et_pb_image src=&#8221;https:\/\/www.pfnuer.de\/wp-content\/uploads\/RA-Arthur-Winczura-Goerlitz-Anwalt1.png&#8221; title_text=&#8221;RA-Arthur-Winczura-Goerlitz-Anwalt1&#8243; align=&#8221;center&#8221; _builder_version=&#8221;4.19.5&#8243; _module_preset=&#8221;default&#8221; width=&#8221;55%&#8221; global_colors_info=&#8221;{}&#8221; theme_builder_area=&#8221;post_content&#8221;][\/et_pb_image][et_pb_text disabled_on=&#8221;off|off|off&#8221; _builder_version=&#8221;4.20.0&#8243; _module_preset=&#8221;default&#8221; text_font=&#8221;Montserrat||||||||&#8221; text_text_color=&#8221;#001A3D&#8221; text_font_size=&#8221;18px&#8221; text_line_height=&#8221;1.4em&#8221; ul_line_height=&#8221;1.4em&#8221; header_font=&#8221;Montserrat|600|||||||&#8221; header_text_align=&#8221;center&#8221; header_text_color=&#8221;#001A3D&#8221; header_font_size=&#8221;50px&#8221; header_line_height=&#8221;1.2em&#8221; header_2_font=&#8221;|600|||||||&#8221; header_2_text_align=&#8221;center&#8221; header_2_text_color=&#8221;#000000&#8243; header_3_font=&#8221;Montserrat|600|||||||&#8221; header_3_text_color=&#8221;#001A3D&#8221; header_3_font_size=&#8221;29px&#8221; header_3_line_height=&#8221;1.4em&#8221; custom_margin=&#8221;||||false|false&#8221; custom_margin_tablet=&#8221;||40px||false|false&#8221; custom_margin_phone=&#8221;||40px||false|false&#8221; custom_margin_last_edited=&#8221;on|desktop&#8221; hover_enabled=&#8221;0&#8243; header_text_align_tablet=&#8221;center&#8221; header_text_align_phone=&#8221;left&#8221; header_text_align_last_edited=&#8221;on|phone&#8221; header_font_size_tablet=&#8221;65px&#8221; header_font_size_phone=&#8221;48px&#8221; header_font_size_last_edited=&#8221;on|phone&#8221; header_2_font_size_tablet=&#8221;&#8221; header_2_font_size_phone=&#8221;20px&#8221; header_2_font_size_last_edited=&#8221;on|phone&#8221; global_colors_info=&#8221;{}&#8221; theme_builder_area=&#8221;post_content&#8221; sticky_enabled=&#8221;0&#8243;]<\/p>\n<h3 style=\"text-align: center;\">Arthur Winczura<\/h3>\n<div class=\"et_pb_module et_pb_text et_pb_text_8  et_pb_text_align_left et_pb_bg_layout_light\">\n<div class=\"et_pb_text_inner\">\n<p style=\"text-align: center;\">Adwokat<\/p>\n<p style=\"text-align: center;\">Certyfikowany adwokat w prawie<span>\u00a0<\/span><span>handlowym i w prawie sp\u00f3\u0142ek<\/span><\/p>\n<p style=\"text-align: center;\">Prawo nieruchomo\u015bci<\/p>\n<p style=\"text-align: center;\">Prawo pracy<\/p>\n<\/div>\n<\/div>\n<p style=\"text-align: center;\">[\/et_pb_text][et_pb_button button_url=&#8221;@ET-DC@eyJkeW5hbWljIjp0cnVlLCJjb250ZW50IjoicG9zdF9saW5rX3VybF9wYWdlIiwic2V0dGluZ3MiOnsicG9zdF9pZCI6IjE3In19@&#8221; button_text=&#8221;Profil&#8221; button_alignment=&#8221;center&#8221; _builder_version=&#8221;4.20.0&#8243; _dynamic_attributes=&#8221;button_url&#8221; _module_preset=&#8221;default&#8221; custom_button=&#8221;on&#8221; button_text_size=&#8221;20px&#8221; button_text_color=&#8221;#F1F1E6&#8243; button_bg_color=&#8221;#3b8eff&#8221; button_border_width=&#8221;0px&#8221; button_border_color=&#8221;#FFFFFF&#8221; button_border_radius=&#8221;20px&#8221; button_font=&#8221;Montserrat|600|||||||&#8221; custom_margin=&#8221;28px||28px||true|false&#8221; global_colors_info=&#8221;{}&#8221; theme_builder_area=&#8221;post_content&#8221;][\/et_pb_button][\/et_pb_column][\/et_pb_row][\/et_pb_section]<\/p>\n","protected":false},"excerpt":{"rendered":"<p>Adwokaci Kompetentnie i na bazie do\u015bwiaczenia b\u0119dziemy dochodzi\u0107 Pa\u0144stwa roszcze\u0144 prawnych Nasi do\u015bwiadczeni i pe\u0142ni zaanga\u017cowania adwokaci z ch\u0119ci\u0105 s\u0142u\u017c\u0105 Pa\u0144stwu pomoc\u0105. Dzi\u0119ki naszej specjalizacji, licznym szkoleniom\u00a0 oraz uzyskanym specjalistycznym tytu\u0142om adwokackim jeste\u015bmy w stanie zapewni\u0107\u00a0 Pa\u0144stwu wysokiej jako\u015bci us\u0142ugi. Wszyscy nasi adwokaci w\u0142adaj\u0105 zar\u00f3wno j\u0119zykiem niemieckiem jak i polskim, co umo\u017cliwia doradztwo tak\u017ce po [&hellip;]<\/p>\n","protected":false},"author":2,"featured_media":1957,"parent":0,"menu_order":0,"comment_status":"closed","ping_status":"closed","template":"","meta":{"_et_pb_use_builder":"on","_et_pb_old_content":"","_et_gb_content_width":"","footnotes":""},"difl_page_category":[],"_links":{"self":[{"href":"https:\/\/www.pfnuer.de\/pl\/wp-json\/wp\/v2\/pages\/1213"}],"collection":[{"href":"https:\/\/www.pfnuer.de\/pl\/wp-json\/wp\/v2\/pages"}],"about":[{"href":"https:\/\/www.pfnuer.de\/pl\/wp-json\/wp\/v2\/types\/page"}],"author":[{"embeddable":true,"href":"https:\/\/www.pfnuer.de\/pl\/wp-json\/wp\/v2\/users\/2"}],"replies":[{"embeddable":true,"href":"https:\/\/www.pfnuer.de\/pl\/wp-json\/wp\/v2\/comments?post=1213"}],"version-history":[{"count":9,"href":"https:\/\/www.pfnuer.de\/pl\/wp-json\/wp\/v2\/pages\/1213\/revisions"}],"predecessor-version":[{"id":2692,"href":"https:\/\/www.pfnuer.de\/pl\/wp-json\/wp\/v2\/pages\/1213\/revisions\/2692"}],"wp:featuredmedia":[{"embeddable":true,"href":"https:\/\/www.pfnuer.de\/pl\/wp-json\/wp\/v2\/media\/1957"}],"wp:attachment":[{"href":"https:\/\/www.pfnuer.de\/pl\/wp-json\/wp\/v2\/media?parent=1213"}],"wp:term":[{"taxonomy":"difl_page_category","embeddable":true,"href":"https:\/\/www.pfnuer.de\/pl\/wp-json\/wp\/v2\/difl_page_category?post=1213"}],"curies":[{"name":"wp","href":"https:\/\/api.w.org\/{rel}","templated":true}]}}